{"id":2761,"date":"2023-10-18T10:00:00","date_gmt":"2023-10-18T08:00:00","guid":{"rendered":"https:\/\/liltbolzanobozen.com\/?page_id=2761"},"modified":"2023-12-13T08:34:12","modified_gmt":"2023-12-13T07:34:12","slug":"assistenza-psicologica","status":"publish","type":"page","link":"https:\/\/liltbolzanobozen.com\/de\/assistenza-psicologica\/","title":{"rendered":"PSYCHOLOGISCHE BETREUUNG"},"content":{"rendered":"<div data-elementor-type=\"wp-page\" data-elementor-id=\"2761\" class=\"elementor elementor-2761\" data-elementor-post-type=\"page\">\n\t\t\t\t<div class=\"elementor-element elementor-element-d337cbc e-con-full e-flex e-con e-parent\" data-id=\"d337cbc\" data-element_type=\"container\" data-e-type=\"container\" data-settings=\"{&quot;background_background&quot;:&quot;classic&quot;}\">\n\t\t\t\t<div class=\"elementor-element elementor-element-1bee650 elementor-widget elementor-widget-spacer\" data-id=\"1bee650\" data-element_type=\"widget\" data-e-type=\"widget\" data-widget_type=\"spacer.default\">\n\t\t\t\t<div class=\"elementor-widget-container\">\n\t\t\t\t\t\t\t<div class=\"elementor-spacer\">\n\t\t\t<div class=\"elementor-spacer-inner\"><\/div>\n\t\t<\/div>\n\t\t\t\t\t\t<\/div>\n\t\t\t\t<\/div>\n\t\t\t\t<\/div>\n\t\t<div class=\"elementor-element elementor-element-79f8220 e-flex e-con-boxed e-con e-child\" data-id=\"79f8220\" data-element_type=\"container\" data-e-type=\"container\" data-settings=\"{&quot;background_background&quot;:&quot;classic&quot;}\">\n\t\t\t\t\t<div class=\"e-con-inner\">\n\t\t<div class=\"elementor-element elementor-element-ae407d6 e-flex e-con-boxed e-con e-child\" data-id=\"ae407d6\" data-element_type=\"container\" data-e-type=\"container\" data-settings=\"{&quot;background_background&quot;:&quot;classic&quot;}\">\n\t\t\t\t\t<div class=\"e-con-inner\">\n\t\t\t\t<div class=\"elementor-element elementor-element-654c356 elementor-widget__width-inherit elementor-invisible elementor-widget elementor-widget-text-editor\" data-id=\"654c356\" data-element_type=\"widget\" data-e-type=\"widget\" data-settings=\"{&quot;_animation&quot;:&quot;fadeIn&quot;}\" data-widget_type=\"text-editor.default\">\n\t\t\t\t<div class=\"elementor-widget-container\">\n\t\t\t\t\t\t\t\t\t<p>ATTIVIT\u00c0<\/p>\t\t\t\t\t\t\t\t<\/div>\n\t\t\t\t<\/div>\n\t\t\t\t<div class=\"elementor-element elementor-element-7ccc6d6 elementor-widget__width-inherit elementor-invisible elementor-widget elementor-widget-text-editor\" data-id=\"7ccc6d6\" data-element_type=\"widget\" data-e-type=\"widget\" data-settings=\"{&quot;_animation&quot;:&quot;fadeIn&quot;,&quot;_animation_delay&quot;:300}\" data-widget_type=\"text-editor.default\">\n\t\t\t\t<div class=\"elementor-widget-container\">\n\t\t\t\t\t\t\t\t\tPSYCHOLOGISCHE BETREUUNG\t\t\t\t\t\t\t\t<\/div>\n\t\t\t\t<\/div>\n\t\t\t\t<div class=\"elementor-element elementor-element-89962d2 elementor-widget__width-initial elementor-invisible elementor-widget elementor-widget-text-editor\" data-id=\"89962d2\" data-element_type=\"widget\" data-e-type=\"widget\" data-settings=\"{&quot;_animation&quot;:&quot;fadeIn&quot;,&quot;_animation_delay&quot;:400}\" data-widget_type=\"text-editor.default\">\n\t\t\t\t<div class=\"elementor-widget-container\">\n\t\t\t\t\t\t\t\t\tLILT Bolzano \u00e8 impegnata nel sostegno psicologico dei malati di tumore dando particolare attenzione ai famigliari dei pazienti, che vengono travolti e si sentono dolorosamente impotenti di fronte alla malattia dei loro cari. \nOltre a ci\u00f2, in collaborazione con il Servizio Psicologico dell\u2019Ospedale e l\u2019Assessorato alla Sanita\u0300, propone uno \u201cspazio di assistenza psicologica\u201d per bambini e adolescenti che hanno vissuto o stanno vivendo una situazione di sofferenza e di crisi a causa della malattia di un familiare. \n\t\t\t\t\t\t\t\t<\/div>\n\t\t\t\t<\/div>\n\t\t\t\t\t<\/div>\n\t\t\t\t<\/div>\n\t\t\t\t\t<\/div>\n\t\t\t\t<\/div>\n\t\t<div class=\"elementor-element elementor-element-716af48 e-con-full e-flex e-con e-parent\" data-id=\"716af48\" data-element_type=\"container\" data-e-type=\"container\">\n\t\t<div class=\"elementor-element elementor-element-8f5990b e-con-full e-flex elementor-invisible e-con e-child\" data-id=\"8f5990b\" data-element_type=\"container\" data-e-type=\"container\" data-settings=\"{&quot;background_background&quot;:&quot;classic&quot;,&quot;animation&quot;:&quot;fadeInLeft&quot;}\">\n\t\t\t\t<div class=\"elementor-element elementor-element-8db97eb elementor-widget__width-inherit elementor-invisible elementor-widget elementor-widget-text-editor\" data-id=\"8db97eb\" data-element_type=\"widget\" data-e-type=\"widget\" data-settings=\"{&quot;_animation&quot;:&quot;fadeIn&quot;}\" data-widget_type=\"text-editor.default\">\n\t\t\t\t<div class=\"elementor-widget-container\">\n\t\t\t\t\t\t\t\t\t<p>Musiktherapie<\/p>\t\t\t\t\t\t\t\t<\/div>\n\t\t\t\t<\/div>\n\t\t\t\t<div class=\"elementor-element elementor-element-d164936 elementor-widget__width-inherit elementor-widget-mobile__width-initial elementor-invisible elementor-widget elementor-widget-text-editor\" data-id=\"d164936\" data-element_type=\"widget\" data-e-type=\"widget\" data-settings=\"{&quot;_animation&quot;:&quot;fadeIn&quot;,&quot;_animation_delay&quot;:100}\" data-widget_type=\"text-editor.default\">\n\t\t\t\t<div class=\"elementor-widget-container\">\n\t\t\t\t\t\t\t\t\t<p>EINZEL- ODER GRUPPENTHERAPIE<\/p>\t\t\t\t\t\t\t\t<\/div>\n\t\t\t\t<\/div>\n\t\t\t\t<div class=\"elementor-element elementor-element-54038b0 elementor-widget__width-initial linkchiaro elementor-invisible elementor-widget elementor-widget-text-editor\" data-id=\"54038b0\" data-element_type=\"widget\" data-e-type=\"widget\" data-settings=\"{&quot;_animation&quot;:&quot;fadeIn&quot;}\" data-widget_type=\"text-editor.default\">\n\t\t\t\t<div class=\"elementor-widget-container\">\n\t\t\t\t\t\t\t\t\tLa musica come strumento di benessere: proponiamo specifici percorsi attraverso cui il paziente oncologico possa esperire il potere del suono di alleviare tensioni, allietare spirito e corpo, indurre sensazioni piacevoli, sperimentarsi in prima persona in pratiche utili a ritrovare equilibrio, serenit\u00e0 ed energia. \nLa musicoterapia favorisce inoltre qualit\u00e0 del sonno, espressivit\u00e0, comunicazione e creativit\u00e0, concorrendo a contrastare le difficolta\u0300 della malattia e delle cure attraverso un percorso esperienziale con l\u2019uso della voce, di semplici strumenti musicali e del movimento. Non serve saper suonare strumenti musicali ma solo lasciarsi guidare dai nostri esperti musicoterapeuti alla scoperta dei benefici del suono.\n\t\t\t\t\t\t\t\t<\/div>\n\t\t\t\t<\/div>\n\t\t\t\t<\/div>\n\t\t<div class=\"elementor-element elementor-element-32e40a2 e-con-full e-flex elementor-invisible e-con e-child\" data-id=\"32e40a2\" data-element_type=\"container\" data-e-type=\"container\" data-settings=\"{&quot;background_background&quot;:&quot;classic&quot;,&quot;animation&quot;:&quot;fadeInRight&quot;}\">\n\t\t\t\t<\/div>\n\t\t\t\t<\/div>\n\t\t<div class=\"elementor-element elementor-element-0e56604 e-con-full e-flex e-con e-parent\" data-id=\"0e56604\" data-element_type=\"container\" data-e-type=\"container\">\n\t\t<div class=\"elementor-element elementor-element-b8a1491 e-con-full e-flex elementor-invisible e-con e-child\" data-id=\"b8a1491\" data-element_type=\"container\" data-e-type=\"container\" data-settings=\"{&quot;background_background&quot;:&quot;classic&quot;,&quot;animation&quot;:&quot;fadeInLeft&quot;}\">\n\t\t\t\t<div class=\"elementor-element elementor-element-9d3ce85 elementor-widget__width-inherit elementor-invisible elementor-widget elementor-widget-text-editor\" data-id=\"9d3ce85\" data-element_type=\"widget\" data-e-type=\"widget\" data-settings=\"{&quot;_animation&quot;:&quot;fadeIn&quot;}\" data-widget_type=\"text-editor.default\">\n\t\t\t\t<div class=\"elementor-widget-container\">\n\t\t\t\t\t\t\t\t\t<p>Sie haben Interesse?<\/p>\t\t\t\t\t\t\t\t<\/div>\n\t\t\t\t<\/div>\n\t\t\t\t<div class=\"elementor-element elementor-element-2367240 elementor-widget__width-initial linkchiaro elementor-invisible elementor-widget elementor-widget-text-editor\" data-id=\"2367240\" data-element_type=\"widget\" data-e-type=\"widget\" data-settings=\"{&quot;_animation&quot;:&quot;fadeIn&quot;}\" data-widget_type=\"text-editor.default\">\n\t\t\t\t<div class=\"elementor-widget-container\">\n\t\t\t\t\t\t\t\t\t<p>F\u00fcr eine Terminvereinbarung oder weitere Informationen wenden Sie sich bitte an das Sekretariat unter der Telefonnummer <a href=\"tel:0471402000\">0471\/402000<\/a> oppure scrivi all&#8217;indirizzo e-mail <a href=\"mailto:info@liltbolzanobozen.com\">info@liltbolzanobozen.com<\/a><\/p>\t\t\t\t\t\t\t\t<\/div>\n\t\t\t\t<\/div>\n\t\t\t\t<\/div>\n\t\t<div class=\"elementor-element elementor-element-5090e5d e-con-full e-flex elementor-invisible e-con e-child\" data-id=\"5090e5d\" data-element_type=\"container\" data-e-type=\"container\" data-settings=\"{&quot;background_background&quot;:&quot;classic&quot;,&quot;animation&quot;:&quot;fadeInRight&quot;}\">\n\t\t\t\t<\/div>\n\t\t\t\t<\/div>\n\t\t\t\t<\/div>","protected":false},"excerpt":{"rendered":"<p>ATTIVIT\u00c0 Assistenza psicologicaLILT Bolzano \u00e8 impegnata nel sostegno psicologico dei malati di tumore dando particolare attenzione ai famigliari dei pazienti, che vengono travolti e si sentono dolorosamente impotenti di fronte alla malattia dei loro cari. Oltre a ci\u00f2, in collaborazione con il Servizio Psicologico dell\u2019Ospedale e l\u2019Assessorato alla Sanita\u0300, propone uno \u201cspazio di assistenza psicologica\u201d [&hellip;]<\/p>\n","protected":false},"author":63282415,"featured_media":0,"parent":0,"menu_order":0,"comment_status":"closed","ping_status":"closed","template":"elementor_header_footer","meta":{"advanced_seo_description":"","jetpack_seo_html_title":"","jetpack_seo_noindex":false,"jetpack_post_was_ever_published":false,"footnotes":""},"class_list":["post-2761","page","type-page","status-publish","hentry"],"jetpack_sharing_enabled":true,"jetpack_shortlink":"https:\/\/wp.me\/PdPpQg-Ix","jetpack-related-posts":[{"id":2784,"url":"https:\/\/liltbolzanobozen.com\/de\/news\/","url_meta":{"origin":2761,"position":0},"title":"Eventi e news","author":"LiltBolzano","date":"18 Oktober 2023","format":false,"excerpt":"Eventi e News Ultimi eventi, notizie e curiosit\u00e0 dalla LILT di Bolzano","rel":"","context":"\u00c4hnlicher Beitrag","block_context":{"text":"\u00c4hnlicher Beitrag","link":""},"img":{"alt_text":"","src":"","width":0,"height":0},"classes":[]},{"id":2740,"url":"https:\/\/liltbolzanobozen.com\/de\/eventi-in-musica\/","url_meta":{"origin":2761,"position":1},"title":"MUSIKVERANSTALTUNGEN","author":"LiltBolzano","date":"18 Oktober 2023","format":false,"excerpt":"ATTIVIT\u00c0 Eventi in musica L\u2019associazione \u201cDonatori di Musica\u201c, con il supporto di LILT Bolzano, organizza periodici concerti-evento pomeridiani nel reparto di Oncologia Medica dell\u2019Ospedale Regionale di Bolzano (Sala della Musica \u201cCarlotta Nobile\u201d). I concerti sono pensati e dedicati principalmente ai pazienti oncologici, loro familiari, personale sanitario e volontari LILT. VISITA\u2026","rel":"","context":"\u00c4hnlicher Beitrag","block_context":{"text":"\u00c4hnlicher Beitrag","link":""},"img":{"alt_text":"","src":"","width":0,"height":0},"classes":[]},{"id":2801,"url":"https:\/\/liltbolzanobozen.com\/de\/partnership\/","url_meta":{"origin":2761,"position":2},"title":"Partnerschaft","author":"LiltBolzano","date":"18 Oktober 2023","format":false,"excerpt":"PartnershipOltre che contribuire a diffondere il valore della prevenzione e fornire assistenza e sostegno ai malati oncologici, una partnership con LILT Bolzano offre l\u2019occasione ad Aziende, Enti e Istituzioni di rafforzare la propria immagine sia verso i propri dipendenti che verso l\u2019esterno, di valorizzare il proprio impegno nel sociale anche\u2026","rel":"","context":"\u00c4hnlicher Beitrag","block_context":{"text":"\u00c4hnlicher Beitrag","link":""},"img":{"alt_text":"","src":"","width":0,"height":0},"classes":[]},{"id":2728,"url":"https:\/\/liltbolzanobozen.com\/de\/terapie-movimento\/","url_meta":{"origin":2761,"position":3},"title":"BEWEGUNGSTHERAPIE","author":"LiltBolzano","date":"18 Oktober 2023","format":false,"excerpt":"ATTIVIT\u00c0 Terapie del movimento Uno specifico corso di acquagym per pazienti oncologici si svolge con regolarit\u00e0 alla Piscina comunale di viale Trieste.Alcuni istruttori qualificati sono pronti ad accogliere e guidare i pazienti oncologici (ma anche tutti i soci LILT interessati) alla scoperta della disciplina del nordic walking, una camminata morbida\u2026","rel":"","context":"\u00c4hnlicher Beitrag","block_context":{"text":"\u00c4hnlicher Beitrag","link":""},"img":{"alt_text":"","src":"","width":0,"height":0},"classes":[]},{"id":2723,"url":"https:\/\/liltbolzanobozen.com\/de\/la-forza-il-sorriso\/","url_meta":{"origin":2761,"position":4},"title":"La forza e il sorriso","author":"LiltBolzano","date":"17 Oktober 2023","format":false,"excerpt":"LABORATORIO DI BELLEZZA La forza e il sorriso LILT Bolzano \u00e8 struttura ospitante di questa iniziativa dedicata alle donne in trattamento chemio\/radioterapico. \u201cLa forza e il sorriso\u201d, attiva dal 2007 \u00e8 la versione italiana del programma internazionale \u201cLook Good Feel Better\u201d attivo negli Stati Uniti dal 1989. Si tratta di\u2026","rel":"","context":"\u00c4hnlicher Beitrag","block_context":{"text":"\u00c4hnlicher Beitrag","link":""},"img":{"alt_text":"","src":"https:\/\/i0.wp.com\/liltbolzanobozen.com\/wp-content\/uploads\/2023\/12\/23-12-18-Logo_LFIS_DEF-1-1024x344.jpg?resize=350%2C200&ssl=1","width":350,"height":200,"srcset":"https:\/\/i0.wp.com\/liltbolzanobozen.com\/wp-content\/uploads\/2023\/12\/23-12-18-Logo_LFIS_DEF-1-1024x344.jpg?resize=350%2C200&ssl=1 1x, https:\/\/i0.wp.com\/liltbolzanobozen.com\/wp-content\/uploads\/2023\/12\/23-12-18-Logo_LFIS_DEF-1-1024x344.jpg?resize=525%2C300&ssl=1 1.5x, https:\/\/i0.wp.com\/liltbolzanobozen.com\/wp-content\/uploads\/2023\/12\/23-12-18-Logo_LFIS_DEF-1-1024x344.jpg?resize=700%2C400&ssl=1 2x"},"classes":[]},{"id":2712,"url":"https:\/\/liltbolzanobozen.com\/de\/case-accoglienza\/","url_meta":{"origin":2761,"position":5},"title":"PATIENTENUNTERK\u00dcNFTE","author":"LiltBolzano","date":"17 Oktober 2023","format":false,"excerpt":"ATTIVIT\u00c0 Case accoglienza LILT Bolzano mette a disposizione gratuitamente (secondo disponibilit\u00e0) a pazienti oncologici e loro accompagnatori non residenti nel comune di Bolzano quattro miniappartamenti nei quali potranno alloggiare durante i periodi destinati a cure in Day Hospital e\/o degenze presso l\u2019Ospedale di Bolzano, sollevandoli da onerose spese di alloggio.\u2026","rel":"","context":"\u00c4hnlicher Beitrag","block_context":{"text":"\u00c4hnlicher Beitrag","link":""},"img":{"alt_text":"","src":"https:\/\/i0.wp.com\/liltbolzanobozen.com\/wp-content\/uploads\/2022\/04\/gopr0210.jpg?resize=350%2C200&ssl=1","width":350,"height":200,"srcset":"https:\/\/i0.wp.com\/liltbolzanobozen.com\/wp-content\/uploads\/2022\/04\/gopr0210.jpg?resize=350%2C200&ssl=1 1x, https:\/\/i0.wp.com\/liltbolzanobozen.com\/wp-content\/uploads\/2022\/04\/gopr0210.jpg?resize=525%2C300&ssl=1 1.5x, https:\/\/i0.wp.com\/liltbolzanobozen.com\/wp-content\/uploads\/2022\/04\/gopr0210.jpg?resize=700%2C400&ssl=1 2x"},"classes":[]}],"_links":{"self":[{"href":"https:\/\/liltbolzanobozen.com\/de\/wp-json\/wp\/v2\/pages\/2761","targetHints":{"allow":["GET"]}}],"collection":[{"href":"https:\/\/liltbolzanobozen.com\/de\/wp-json\/wp\/v2\/pages"}],"about":[{"href":"https:\/\/liltbolzanobozen.com\/de\/wp-json\/wp\/v2\/types\/page"}],"author":[{"embeddable":true,"href":"https:\/\/liltbolzanobozen.com\/de\/wp-json\/wp\/v2\/users\/63282415"}],"replies":[{"embeddable":true,"href":"https:\/\/liltbolzanobozen.com\/de\/wp-json\/wp\/v2\/comments?post=2761"}],"version-history":[{"count":12,"href":"https:\/\/liltbolzanobozen.com\/de\/wp-json\/wp\/v2\/pages\/2761\/revisions"}],"predecessor-version":[{"id":3073,"href":"https:\/\/liltbolzanobozen.com\/de\/wp-json\/wp\/v2\/pages\/2761\/revisions\/3073"}],"wp:attachment":[{"href":"https:\/\/liltbolzanobozen.com\/de\/wp-json\/wp\/v2\/media?parent=2761"}],"curies":[{"name":"wp","href":"https:\/\/api.w.org\/{rel}","templated":true}]}}