{"id":4323,"date":"2024-12-16T11:34:51","date_gmt":"2024-12-16T10:34:51","guid":{"rendered":"https:\/\/liltbolzanobozen.com\/?page_id=4323"},"modified":"2024-12-19T12:18:45","modified_gmt":"2024-12-19T11:18:45","slug":"filmclub-bolzano","status":"publish","type":"page","link":"https:\/\/liltbolzanobozen.com\/de\/convenzioni\/filmclub-bolzano\/","title":{"rendered":"Filmclub Bozen"},"content":{"rendered":"<div data-elementor-type=\"wp-page\" data-elementor-id=\"4323\" class=\"elementor elementor-4323\" data-elementor-post-type=\"page\">\n\t\t\t\t<div class=\"elementor-element elementor-element-0d31075 e-con-full e-flex e-con e-parent\" data-id=\"0d31075\" data-element_type=\"container\" data-e-type=\"container\">\n\t\t<div class=\"elementor-element elementor-element-7463418 e-con-full e-flex e-con e-child\" data-id=\"7463418\" data-element_type=\"container\" data-e-type=\"container\">\n\t\t\t\t<div class=\"elementor-element elementor-element-b129982 elementor-widget__width-inherit elementor-invisible elementor-widget elementor-widget-text-editor\" data-id=\"b129982\" data-element_type=\"widget\" data-e-type=\"widget\" data-settings=\"{&quot;_animation&quot;:&quot;fadeIn&quot;}\" data-widget_type=\"text-editor.default\">\n\t\t\t\t<div class=\"elementor-widget-container\">\n\t\t\t\t\t\t\t\t\t<p style=\"text-align: left;\">CONVENZIONE<\/p>\t\t\t\t\t\t\t\t<\/div>\n\t\t\t\t<\/div>\n\t\t\t\t<div class=\"elementor-element elementor-element-54c8bf5 elementor-widget__width-inherit elementor-invisible elementor-widget elementor-widget-text-editor\" data-id=\"54c8bf5\" data-element_type=\"widget\" data-e-type=\"widget\" data-settings=\"{&quot;_animation&quot;:&quot;fadeIn&quot;,&quot;_animation_delay&quot;:300}\" data-widget_type=\"text-editor.default\">\n\t\t\t\t<div class=\"elementor-widget-container\">\n\t\t\t\t\t\t\t\t\tFilmclub Bozen\t\t\t\t\t\t\t\t<\/div>\n\t\t\t\t<\/div>\n\t\t<div class=\"elementor-element elementor-element-334ae05 e-con-full e-flex e-con e-child\" data-id=\"334ae05\" data-element_type=\"container\" data-e-type=\"container\">\n\t\t\t\t<div class=\"elementor-element elementor-element-4cbc502 elementor-widget__width-inherit elementor-invisible elementor-widget elementor-widget-text-editor\" data-id=\"4cbc502\" data-element_type=\"widget\" data-e-type=\"widget\" data-settings=\"{&quot;_animation&quot;:&quot;fadeIn&quot;}\" data-widget_type=\"text-editor.default\">\n\t\t\t\t<div class=\"elementor-widget-container\">\n\t\t\t\t\t\t\t\t\t<p style=\"text-align: left;\">Per gli associati LILT:<\/p>\t\t\t\t\t\t\t\t<\/div>\n\t\t\t\t<\/div>\n\t\t\t\t<div class=\"elementor-element elementor-element-11be000 elementor-widget__width-initial elementor-invisible elementor-widget elementor-widget-text-editor\" data-id=\"11be000\" data-element_type=\"widget\" data-e-type=\"widget\" data-settings=\"{&quot;_animation&quot;:&quot;fadeIn&quot;,&quot;_animation_delay&quot;:400}\" data-widget_type=\"text-editor.default\">\n\t\t\t\t<div class=\"elementor-widget-container\">\n\t\t\t\t\t\t\t\t\tAbocard 5+1, abbonamento scontato con 5 ingressi + 1 gratuito. E\u2019 utilizzabile per l\u2019accesso agli spettacoli del Filmclub nelle sedi di Bolzano, Merano, Bressanone, Brunico, Vipiteno, Silandro ed Egna.\t\t\t\t\t\t\t\t<\/div>\n\t\t\t\t<\/div>\n\t\t\t\t<\/div>\n\t\t<div class=\"elementor-element elementor-element-f7f6e6c e-con-full e-flex e-con e-child\" data-id=\"f7f6e6c\" data-element_type=\"container\" data-e-type=\"container\">\n\t\t\t\t<div class=\"elementor-element elementor-element-f1e8f0d elementor-widget__width-initial elementor-invisible elementor-widget elementor-widget-text-editor\" data-id=\"f1e8f0d\" data-element_type=\"widget\" data-e-type=\"widget\" data-settings=\"{&quot;_animation&quot;:&quot;fadeIn&quot;,&quot;_animation_delay&quot;:400}\" data-widget_type=\"text-editor.default\">\n\t\t\t\t<div class=\"elementor-widget-container\">\n\t\t\t\t\t\t\t\t\t<p>Il Filmclub nasce come associazione culturale alla fine degli anni Settanta, in un clima culturale di grande fermento, di movimenti, idee e aspirazioni di cui il cinema d\u2019autore costituiva un importante veicolo.<br \/>Il Filmclub conserva delle proprie origini l\u2019aspirazione ad essere un luogo aperto al confronto e al dibattito, dentro e fuori le tre sale di proiezione.<\/p><p>Oltre che a\u00a0<strong>Bolzano<\/strong>, dove la programmazione \u00e8 giornaliera, l\u2019associazione \u00e8 presente a\u00a0<strong>Merano<\/strong>, all\u2019ex Cinema Ariston e in altre localit\u00e0 (<strong>Bressanone, Egna, Silandro, Brunico e Vipiteno<\/strong>), dove la programmazione \u00e8 limitata, di regola, a una proiezione a settimana.<br \/>L\u2019offerta consiste in una selezione di nuovo cinema internazionale indipendente, in lingua italiana, tedesca e nella versione originale con sottotitoli.<\/p>\t\t\t\t\t\t\t\t<\/div>\n\t\t\t\t<\/div>\n\t\t\t\t<\/div>\n\t\t\t\t<\/div>\n\t\t<div class=\"elementor-element elementor-element-3a74136 e-con-full e-flex e-con e-child\" data-id=\"3a74136\" data-element_type=\"container\" data-e-type=\"container\">\n\t\t\t\t<div class=\"elementor-element elementor-element-f24021f elementor-widget elementor-widget-image\" data-id=\"f24021f\" data-element_type=\"widget\" data-e-type=\"widget\" data-widget_type=\"image.default\">\n\t\t\t\t<div class=\"elementor-widget-container\">\n\t\t\t\t\t\t\t\t\t\t\t\t\t\t\t<img fetchpriority=\"high\" decoding=\"async\" data-attachment-id=\"4304\" data-permalink=\"https:\/\/liltbolzanobozen.com\/de\/convenzioni\/filmclub-2\/\" data-orig-file=\"https:\/\/i0.wp.com\/liltbolzanobozen.com\/wp-content\/uploads\/2024\/12\/Filmclub.jpg?fit=1121%2C704&amp;ssl=1\" data-orig-size=\"1121,704\" data-comments-opened=\"1\" data-image-meta=\"{&quot;aperture&quot;:&quot;0&quot;,&quot;credit&quot;:&quot;&quot;,&quot;camera&quot;:&quot;&quot;,&quot;caption&quot;:&quot;&quot;,&quot;created_timestamp&quot;:&quot;0&quot;,&quot;copyright&quot;:&quot;&quot;,&quot;focal_length&quot;:&quot;0&quot;,&quot;iso&quot;:&quot;0&quot;,&quot;shutter_speed&quot;:&quot;0&quot;,&quot;title&quot;:&quot;&quot;,&quot;orientation&quot;:&quot;0&quot;}\" data-image-title=\"Filmclub\" data-image-description=\"\" data-image-caption=\"\" data-medium-file=\"https:\/\/i0.wp.com\/liltbolzanobozen.com\/wp-content\/uploads\/2024\/12\/Filmclub.jpg?fit=300%2C188&amp;ssl=1\" data-large-file=\"https:\/\/i0.wp.com\/liltbolzanobozen.com\/wp-content\/uploads\/2024\/12\/Filmclub.jpg?fit=800%2C502&amp;ssl=1\" width=\"1121\" height=\"704\" src=\"https:\/\/i0.wp.com\/liltbolzanobozen.com\/wp-content\/uploads\/2024\/12\/Filmclub.jpg?fit=1121%2C704&amp;ssl=1\" class=\"attachment-full size-full wp-image-4304\" alt=\"\" srcset=\"https:\/\/i0.wp.com\/liltbolzanobozen.com\/wp-content\/uploads\/2024\/12\/Filmclub.jpg?w=1121&amp;ssl=1 1121w, https:\/\/i0.wp.com\/liltbolzanobozen.com\/wp-content\/uploads\/2024\/12\/Filmclub.jpg?resize=300%2C188&amp;ssl=1 300w, https:\/\/i0.wp.com\/liltbolzanobozen.com\/wp-content\/uploads\/2024\/12\/Filmclub.jpg?resize=1024%2C643&amp;ssl=1 1024w, https:\/\/i0.wp.com\/liltbolzanobozen.com\/wp-content\/uploads\/2024\/12\/Filmclub.jpg?resize=768%2C482&amp;ssl=1 768w\" sizes=\"(max-width: 800px) 100vw, 800px\" \/>\t\t\t\t\t\t\t\t\t\t\t\t\t\t\t<\/div>\n\t\t\t\t<\/div>\n\t\t\t\t<div class=\"elementor-element elementor-element-acfa28d elementor-widget__width-initial elementor-invisible elementor-widget elementor-widget-text-editor\" data-id=\"acfa28d\" data-element_type=\"widget\" data-e-type=\"widget\" data-settings=\"{&quot;_animation&quot;:&quot;fadeIn&quot;,&quot;_animation_delay&quot;:400}\" data-widget_type=\"text-editor.default\">\n\t\t\t\t<div class=\"elementor-widget-container\">\n\t\t\t\t\t\t\t\t\t<p><strong>Filmclub Bozen<\/strong><\/p><p>Via Dr. Streiter 8\/D<br \/>I \u2013 39100 Bolzano<\/p><p>Tel. 0471 974295<br \/>E-Mail: info@filmclub.it<\/p><p><a href=\"https:\/\/www.filmclub.it\/it\">Visita il sito web<\/a><\/p>\t\t\t\t\t\t\t\t<\/div>\n\t\t\t\t<\/div>\n\t\t\t\t<\/div>\n\t\t\t\t<\/div>\n\t\t\t\t<\/div>","protected":false},"excerpt":{"rendered":"<p>Abocard 5+1, abbonamento scontato con 5 ingressi + 1 gratuito. E\u2019 utilizzabile per l\u2019accesso agli spettacoli del Filmclub nelle sedi di Bolzano, Merano, Bressanone, Brunico, Vipiteno, Silandro ed Egna.<\/p>","protected":false},"author":63282415,"featured_media":4304,"parent":4294,"menu_order":0,"comment_status":"closed","ping_status":"closed","template":"elementor_header_footer","meta":{"advanced_seo_description":"","jetpack_seo_html_title":"","jetpack_seo_noindex":false,"jetpack_post_was_ever_published":false,"footnotes":""},"class_list":["post-4323","page","type-page","status-publish","has-post-thumbnail","hentry"],"jetpack_sharing_enabled":true,"jetpack_shortlink":"https:\/\/wp.me\/PdPpQg-17J","jetpack-related-posts":[{"id":4337,"url":"https:\/\/liltbolzanobozen.com\/de\/convenzioni\/filmclub-bolzano-8\/","url_meta":{"origin":4323,"position":0},"title":"PATRONAT ANMIL BOZEN","author":"LiltBolzano","date":"16 Dezember 2024","format":false,"excerpt":"Tariffe agevolate per la dichiarazione dei redditi e altri servizi. Riservato alle Associazioni aderenti alla Federazione per il Sociale e la Sanit\u00e0","rel":"","context":"\u00c4hnlicher Beitrag","block_context":{"text":"\u00c4hnlicher Beitrag","link":""},"img":{"alt_text":"","src":"https:\/\/i0.wp.com\/liltbolzanobozen.com\/wp-content\/uploads\/2024\/12\/logo_anmil_80.png?fit=626%2C236&ssl=1&resize=350%2C200","width":350,"height":200,"srcset":"https:\/\/i0.wp.com\/liltbolzanobozen.com\/wp-content\/uploads\/2024\/12\/logo_anmil_80.png?fit=626%2C236&ssl=1&resize=350%2C200 1x, https:\/\/i0.wp.com\/liltbolzanobozen.com\/wp-content\/uploads\/2024\/12\/logo_anmil_80.png?fit=626%2C236&ssl=1&resize=525%2C300 1.5x"},"classes":[]},{"id":4330,"url":"https:\/\/liltbolzanobozen.com\/de\/convenzioni\/filmclub-bolzano-2\/","url_meta":{"origin":4323,"position":1},"title":"Teatro Cristallo","author":"LiltBolzano","date":"16 Dezember 2024","format":false,"excerpt":"Riduzione sulla Cristallo Card da 8\u20ac a 5\u20ac","rel":"","context":"\u00c4hnlicher Beitrag","block_context":{"text":"\u00c4hnlicher Beitrag","link":""},"img":{"alt_text":"","src":"https:\/\/i0.wp.com\/liltbolzanobozen.com\/wp-content\/uploads\/2024\/12\/21a418255674c5bad67d6f603a65f852_TeatroCristallo.jpg?fit=600%2C285&ssl=1&resize=350%2C200","width":350,"height":200,"srcset":"https:\/\/i0.wp.com\/liltbolzanobozen.com\/wp-content\/uploads\/2024\/12\/21a418255674c5bad67d6f603a65f852_TeatroCristallo.jpg?fit=600%2C285&ssl=1&resize=350%2C200 1x, https:\/\/i0.wp.com\/liltbolzanobozen.com\/wp-content\/uploads\/2024\/12\/21a418255674c5bad67d6f603a65f852_TeatroCristallo.jpg?fit=600%2C285&ssl=1&resize=525%2C300 1.5x"},"classes":[]},{"id":4335,"url":"https:\/\/liltbolzanobozen.com\/de\/convenzioni\/filmclub-bolzano-9\/","url_meta":{"origin":4323,"position":2},"title":"VERSICHERUNGSAGENTUR ITAS BOZEN","author":"LiltBolzano","date":"16 Dezember 2024","format":false,"excerpt":"Erm\u00e4\u00dfigte Tarife auf alle Policen f\u00fcr Mitglieder und Familienangeh\u00f6rige.","rel":"","context":"\u00c4hnlicher Beitrag","block_context":{"text":"\u00c4hnlicher Beitrag","link":""},"img":{"alt_text":"","src":"","width":0,"height":0},"classes":[]},{"id":4338,"url":"https:\/\/liltbolzanobozen.com\/de\/convenzioni\/filmclub-bolzano-11\/","url_meta":{"origin":4323,"position":3},"title":"ESTETICA HOLLYWOOD von Roccato Romina","author":"LiltBolzano","date":"16 Dezember 2024","format":false,"excerpt":"Sconto di benvenuto del 50% su un primo trattamento viso o corpo. Sono escluse dalla promozione cerette e trattamenti mani e piedi.","rel":"","context":"\u00c4hnlicher Beitrag","block_context":{"text":"\u00c4hnlicher Beitrag","link":""},"img":{"alt_text":"","src":"https:\/\/i0.wp.com\/liltbolzanobozen.com\/wp-content\/uploads\/2024\/12\/logo-Holliwood.jpg?fit=1200%2C799&ssl=1&resize=350%2C200","width":350,"height":200,"srcset":"https:\/\/i0.wp.com\/liltbolzanobozen.com\/wp-content\/uploads\/2024\/12\/logo-Holliwood.jpg?fit=1200%2C799&ssl=1&resize=350%2C200 1x, https:\/\/i0.wp.com\/liltbolzanobozen.com\/wp-content\/uploads\/2024\/12\/logo-Holliwood.jpg?fit=1200%2C799&ssl=1&resize=525%2C300 1.5x, https:\/\/i0.wp.com\/liltbolzanobozen.com\/wp-content\/uploads\/2024\/12\/logo-Holliwood.jpg?fit=1200%2C799&ssl=1&resize=700%2C400 2x, https:\/\/i0.wp.com\/liltbolzanobozen.com\/wp-content\/uploads\/2024\/12\/logo-Holliwood.jpg?fit=1200%2C799&ssl=1&resize=1050%2C600 3x"},"classes":[]},{"id":4336,"url":"https:\/\/liltbolzanobozen.com\/de\/convenzioni\/filmclub-bolzano-10\/","url_meta":{"origin":4323,"position":4},"title":"ITHESIA STORE","author":"LiltBolzano","date":"16 Dezember 2024","format":false,"excerpt":"10 % Rabatt, nicht kumulierbar mit anderen Werbeaktionen.","rel":"","context":"\u00c4hnlicher Beitrag","block_context":{"text":"\u00c4hnlicher Beitrag","link":""},"img":{"alt_text":"","src":"","width":0,"height":0},"classes":[]},{"id":4339,"url":"https:\/\/liltbolzanobozen.com\/de\/convenzioni\/filmclub-bolzano-3\/","url_meta":{"origin":4323,"position":5},"title":"Europa Books","author":"LiltBolzano","date":"16 Dezember 2024","format":false,"excerpt":"5 % Rabatt, au\u00dfer f\u00fcr Schulb\u00fccher.","rel":"","context":"\u00c4hnlicher Beitrag","block_context":{"text":"\u00c4hnlicher Beitrag","link":""},"img":{"alt_text":"","src":"https:\/\/i0.wp.com\/liltbolzanobozen.com\/wp-content\/uploads\/2024\/12\/Europa-Books-pos-RGB.png?fit=1200%2C1080&ssl=1&resize=350%2C200","width":350,"height":200,"srcset":"https:\/\/i0.wp.com\/liltbolzanobozen.com\/wp-content\/uploads\/2024\/12\/Europa-Books-pos-RGB.png?fit=1200%2C1080&ssl=1&resize=350%2C200 1x, https:\/\/i0.wp.com\/liltbolzanobozen.com\/wp-content\/uploads\/2024\/12\/Europa-Books-pos-RGB.png?fit=1200%2C1080&ssl=1&resize=525%2C300 1.5x, https:\/\/i0.wp.com\/liltbolzanobozen.com\/wp-content\/uploads\/2024\/12\/Europa-Books-pos-RGB.png?fit=1200%2C1080&ssl=1&resize=700%2C400 2x, https:\/\/i0.wp.com\/liltbolzanobozen.com\/wp-content\/uploads\/2024\/12\/Europa-Books-pos-RGB.png?fit=1200%2C1080&ssl=1&resize=1050%2C600 3x"},"classes":[]}],"_links":{"self":[{"href":"https:\/\/liltbolzanobozen.com\/de\/wp-json\/wp\/v2\/pages\/4323","targetHints":{"allow":["GET"]}}],"collection":[{"href":"https:\/\/liltbolzanobozen.com\/de\/wp-json\/wp\/v2\/pages"}],"about":[{"href":"https:\/\/liltbolzanobozen.com\/de\/wp-json\/wp\/v2\/types\/page"}],"author":[{"embeddable":true,"href":"https:\/\/liltbolzanobozen.com\/de\/wp-json\/wp\/v2\/users\/63282415"}],"replies":[{"embeddable":true,"href":"https:\/\/liltbolzanobozen.com\/de\/wp-json\/wp\/v2\/comments?post=4323"}],"version-history":[{"count":17,"href":"https:\/\/liltbolzanobozen.com\/de\/wp-json\/wp\/v2\/pages\/4323\/revisions"}],"predecessor-version":[{"id":4516,"href":"https:\/\/liltbolzanobozen.com\/de\/wp-json\/wp\/v2\/pages\/4323\/revisions\/4516"}],"up":[{"embeddable":true,"href":"https:\/\/liltbolzanobozen.com\/de\/wp-json\/wp\/v2\/pages\/4294"}],"wp:featuredmedia":[{"embeddable":true,"href":"https:\/\/liltbolzanobozen.com\/de\/wp-json\/wp\/v2\/media\/4304"}],"wp:attachment":[{"href":"https:\/\/liltbolzanobozen.com\/de\/wp-json\/wp\/v2\/media?parent=4323"}],"curies":[{"name":"wp","href":"https:\/\/api.w.org\/{rel}","templated":true}]}}